{"id":2,"date":"2023-11-29T15:49:40","date_gmt":"2023-11-29T14:49:40","guid":{"rendered":"http:\/\/www.megisserielamoliere.com\/?page_id=2"},"modified":"2024-02-15T14:35:05","modified_gmt":"2024-02-15T13:35:05","slug":"page-d-exemple","status":"publish","type":"page","link":"https:\/\/www.megisserielamoliere.com\/?page_id=2","title":{"rendered":"Mentions l\u00e9gales"},"content":{"rendered":"\t\t<div data-elementor-type=\"wp-page\" data-elementor-id=\"2\" class=\"elementor elementor-2\">\n\t\t\t\t\t\t<section class=\"elementor-section elementor-top-section elementor-element elementor-element-1efd193c elementor-section-boxed elementor-section-height-default elementor-section-height-default\" data-id=\"1efd193c\" data-element_type=\"section\" data-e-type=\"section\" data-settings=\"{&quot;background_background&quot;:&quot;classic&quot;}\">\n\t\t\t\t\t\t<div class=\"elementor-container elementor-column-gap-default\">\n\t\t\t\t\t<div class=\"elementor-column elementor-col-100 elementor-top-column elementor-element elementor-element-2bdb80e1\" data-id=\"2bdb80e1\" data-element_type=\"column\" data-e-type=\"column\">\n\t\t\t<div class=\"elementor-widget-wrap elementor-element-populated\">\n\t\t\t\t\t\t<section class=\"elementor-section elementor-inner-section elementor-element elementor-element-4e4a3a54 elementor-section-boxed elementor-section-height-default elementor-section-height-default\" data-id=\"4e4a3a54\" data-element_type=\"section\" data-e-type=\"section\" data-settings=\"{&quot;background_background&quot;:&quot;classic&quot;}\">\n\t\t\t\t\t\t<div class=\"elementor-container elementor-column-gap-default\">\n\t\t\t\t\t<div class=\"elementor-column elementor-col-50 elementor-inner-column elementor-element elementor-element-5e01f39d\" data-id=\"5e01f39d\" data-element_type=\"column\" data-e-type=\"column\">\n\t\t\t<div class=\"elementor-widget-wrap elementor-element-populated\">\n\t\t\t\t\t\t<div class=\"elementor-element elementor-element-1bbc977 elementor-widget elementor-widget-spacer\" data-id=\"1bbc977\" data-element_type=\"widget\" data-e-type=\"widget\" data-widget_type=\"spacer.default\">\n\t\t\t\t<div class=\"elementor-widget-container\">\n\t\t\t\t\t\t\t<div class=\"elementor-spacer\">\n\t\t\t<div class=\"elementor-spacer-inner\"><\/div>\n\t\t<\/div>\n\t\t\t\t\t\t<\/div>\n\t\t\t\t<\/div>\n\t\t\t\t<div class=\"elementor-element elementor-element-3b099205 elementor-widget elementor-widget-heading\" data-id=\"3b099205\" data-element_type=\"widget\" data-e-type=\"widget\" data-widget_type=\"heading.default\">\n\t\t\t\t<div class=\"elementor-widget-container\">\n\t\t\t\t\t<h1 class=\"elementor-heading-title elementor-size-default\">Mentions l\u00e9gales -<\/h1>\t\t\t\t<\/div>\n\t\t\t\t<\/div>\n\t\t\t\t<div class=\"elementor-element elementor-element-e1de106 elementor-widget__width-initial elementor-view-default elementor-widget elementor-widget-icon\" data-id=\"e1de106\" data-element_type=\"widget\" data-e-type=\"widget\" data-widget_type=\"icon.default\">\n\t\t\t\t<div class=\"elementor-widget-container\">\n\t\t\t\t\t\t\t<div class=\"elementor-icon-wrapper\">\n\t\t\t<div class=\"elementor-icon\">\n\t\t\t<svg aria-hidden=\"true\" class=\"e-font-icon-svg e-fas-stamp\" viewBox=\"0 0 512 512\" xmlns=\"http:\/\/www.w3.org\/2000\/svg\"><path d=\"M32 512h448v-64H32v64zm384-256h-66.56c-16.26 0-29.44-13.18-29.44-29.44v-9.46c0-27.37 8.88-53.41 21.46-77.72 9.11-17.61 12.9-38.39 9.05-60.42-6.77-38.78-38.47-70.7-77.26-77.45C212.62-9.04 160 37.33 160 96c0 14.16 3.12 27.54 8.69 39.58C182.02 164.43 192 194.7 192 226.49v.07c0 16.26-13.18 29.44-29.44 29.44H96c-53.02 0-96 42.98-96 96v32c0 17.67 14.33 32 32 32h448c17.67 0 32-14.33 32-32v-32c0-53.02-42.98-96-96-96z\"><\/path><\/svg>\t\t\t<\/div>\n\t\t<\/div>\n\t\t\t\t\t\t<\/div>\n\t\t\t\t<\/div>\n\t\t\t\t\t<\/div>\n\t\t<\/div>\n\t\t\t\t<div class=\"elementor-column elementor-col-50 elementor-inner-column elementor-element elementor-element-4064d35c\" data-id=\"4064d35c\" data-element_type=\"column\" data-e-type=\"column\">\n\t\t\t<div class=\"elementor-widget-wrap elementor-element-populated\">\n\t\t\t\t\t\t<div class=\"elementor-element elementor-element-7d974a36 elementor-widget elementor-widget-text-editor\" data-id=\"7d974a36\" data-element_type=\"widget\" data-e-type=\"widget\" data-widget_type=\"text-editor.default\">\n\t\t\t\t<div class=\"elementor-widget-container\">\n\t\t\t\t\t\t\t\t\t<p><span style=\"font-weight: 400;\">Ce site Internet offre des informations et des publications pour la soci\u00e9t\u00e9 M\u00e9gisserie de la Moli\u00e8re.\u00a0<\/span><\/p>\n<p><b>Directeur de la publication<\/b><span style=\"font-weight: 400;\"> : M.Fran\u00e7ois ROQUES<\/span><span style=\"font-weight: 400;\"><br \/><\/span><b>H\u00e9bergement : <\/b>OVH<\/p>\n<p><b>Conception &#8211; Design &#8211; R\u00e9alisation :<\/b> Margot DURAND<\/p>\n<p><strong><span style=\"text-decoration: underline;\">RGPD<\/span><\/strong><\/p>\n<p><span style=\"font-weight: 400;\">La m\u00e9gisserie de la Moli\u00e8re s&rsquo;engage \u00e0 ce que la collecte et le traitement de vos donn\u00e9es, effectu\u00e9s \u00e0 partir du site soient conformes au r\u00e8glement g\u00e9n\u00e9ral sur la protection des donn\u00e9es (RGPD).<\/span><\/p>\n<p><span style=\"font-weight: 400;\">La m\u00e9gisserie de la Moli\u00e8re peut \u00eatre amen\u00e9e \u00e0 collecter des donn\u00e9es personnelles concernant le visiteur. Les informations recueillies sur les formulaires d&rsquo;inscription sont enregistr\u00e9es dans un fichier informatis\u00e9 pouvant servir \u00e0 l&rsquo;envoi de la lettre d&rsquo;information et des alertes depuis un outil de mailing de masse. Les donn\u00e9es collect\u00e9es sont l&rsquo;adresse e-mail, l&rsquo;adresse IP et l&rsquo;horodatage.\u00a0\u00a0<\/span><\/p>\n<p><span style=\"font-weight: 400;\">S&rsquo;agissant des informations nominatives relatives \u00e0 la diffusion des donn\u00e9es par distribution s\u00e9lective ou la gestion du courrier d\u00e9pos\u00e9 sur le site par les usagers, les droits pr\u00e9vus par le RGPD (notamment l&rsquo;acc\u00e8s, la rectification et l&rsquo;oubli) peuvent exerc\u00e9s aupr\u00e8s du responsable de traitement,\u00a0 en utilisant le formulaire de contact.<\/span><\/p>\n<p><span style=\"font-weight: 400;\">Pour toute information ou exercice de vos droits Informatique et Libert\u00e9s sur les traitements de donn\u00e9es personnelles, vous pouvez utiliser le m\u00eame formulaire de contact.<\/span><\/p>\n<p><span style=\"text-decoration: underline;\"><b>Cookies<\/b><\/span><\/p>\n<p><span style=\"font-weight: 400;\">Lors de la consultation de notre site, des <\/span><b>cookies <\/b><span style=\"font-weight: 400;\">sont d\u00e9pos\u00e9s sur votre ordinateur, votre mobile ou votre tablette.<\/span><\/p>\n<p><span style=\"text-decoration: underline;\"><b>Reproduction des contenus<\/b><\/span><\/p>\n<p><span style=\"font-weight: 400;\">Le t\u00e9l\u00e9chargement \u00e0 des fins autres que personnelles ainsi que la reproduction ou toute autre utilisation des photographies publi\u00e9es sur ce site internet ne sont pas autoris\u00e9s.<\/span><\/p>\n<p><span style=\"text-decoration: underline;\"><b>Cr\u00e9ation de lien<\/b><\/span><\/p>\n<p><span style=\"font-weight: 400;\">Le site autorise tout site Internet ou tout autre support \u00e0 le citer ou \u00e0 cr\u00e9er un lien hypertexte pointant vers son contenu \u00e0 la stricte condition qu&rsquo;aucun pr\u00e9judice ne soit port\u00e9 \u00e0 la soci\u00e9t\u00e9 Mercerie Floriane , \u00e0 son image. Le logo officiel pourra vous \u00eatre fourni sur simple demande pour illustrer le lien hypertexte, toute demande devra \u00eatre adress\u00e9e \u00e0 la direction.<\/span><\/p>\t\t\t\t\t\t\t\t<\/div>\n\t\t\t\t<\/div>\n\t\t\t\t\t<\/div>\n\t\t<\/div>\n\t\t\t\t\t<\/div>\n\t\t<\/section>\n\t\t\t\t\t<\/div>\n\t\t<\/div>\n\t\t\t\t\t<\/div>\n\t\t<\/section>\n\t\t\t\t<\/div>\n\t\t","protected":false},"excerpt":{"rendered":"<p>Mentions l\u00e9gales &#8211; Ce site Internet offre des informations et des publications pour la soci\u00e9t\u00e9 M\u00e9gisserie de la Moli\u00e8re.\u00a0 Directeur de la publication : M.Fran\u00e7ois ROQUESH\u00e9bergement : OVH Conception &#8211; Design &#8211; R\u00e9alisation : Margot DURAND RGPD La m\u00e9gisserie de la Moli\u00e8re s&rsquo;engage \u00e0 ce que la collecte et le traitement de vos donn\u00e9es, effectu\u00e9s [&hellip;]<\/p>\n","protected":false},"author":1,"featured_media":0,"parent":0,"menu_order":0,"comment_status":"closed","ping_status":"open","template":"elementor_header_footer","meta":{"ocean_post_layout":"","ocean_both_sidebars_style":"","ocean_both_sidebars_content_width":0,"ocean_both_sidebars_sidebars_width":0,"ocean_sidebar":"","ocean_second_sidebar":"","ocean_disable_margins":"enable","ocean_add_body_class":"","ocean_shortcode_before_top_bar":"","ocean_shortcode_after_top_bar":"","ocean_shortcode_before_header":"","ocean_shortcode_after_header":"","ocean_has_shortcode":"","ocean_shortcode_after_title":"","ocean_shortcode_before_footer_widgets":"","ocean_shortcode_after_footer_widgets":"","ocean_shortcode_before_footer_bottom":"","ocean_shortcode_after_footer_bottom":"","ocean_display_top_bar":"default","ocean_display_header":"default","ocean_header_style":"","ocean_center_header_left_menu":"","ocean_custom_header_template":"","ocean_custom_logo":0,"ocean_custom_retina_logo":0,"ocean_custom_logo_max_width":0,"ocean_custom_logo_tablet_max_width":0,"ocean_custom_logo_mobile_max_width":0,"ocean_custom_logo_max_height":0,"ocean_custom_logo_tablet_max_height":0,"ocean_custom_logo_mobile_max_height":0,"ocean_header_custom_menu":"","ocean_menu_typo_font_family":"","ocean_menu_typo_font_subset":"","ocean_menu_typo_font_size":0,"ocean_menu_typo_font_size_tablet":0,"ocean_menu_typo_font_size_mobile":0,"ocean_menu_typo_font_size_unit":"px","ocean_menu_typo_font_weight":"","ocean_menu_typo_font_weight_tablet":"","ocean_menu_typo_font_weight_mobile":"","ocean_menu_typo_transform":"","ocean_menu_typo_transform_tablet":"","ocean_menu_typo_transform_mobile":"","ocean_menu_typo_line_height":0,"ocean_menu_typo_line_height_tablet":0,"ocean_menu_typo_line_height_mobile":0,"ocean_menu_typo_line_height_unit":"","ocean_menu_typo_spacing":0,"ocean_menu_typo_spacing_tablet":0,"ocean_menu_typo_spacing_mobile":0,"ocean_menu_typo_spacing_unit":"","ocean_menu_link_color":"","ocean_menu_link_color_hover":"","ocean_menu_link_color_active":"","ocean_menu_link_background":"","ocean_menu_link_hover_background":"","ocean_menu_link_active_background":"","ocean_menu_social_links_bg":"","ocean_menu_social_hover_links_bg":"","ocean_menu_social_links_color":"","ocean_menu_social_hover_links_color":"","ocean_disable_title":"default","ocean_disable_heading":"default","ocean_post_title":"","ocean_post_subheading":"","ocean_post_title_style":"","ocean_post_title_background_color":"","ocean_post_title_background":0,"ocean_post_title_bg_image_position":"","ocean_post_title_bg_image_attachment":"","ocean_post_title_bg_image_repeat":"","ocean_post_title_bg_image_size":"","ocean_post_title_height":0,"ocean_post_title_bg_overlay":0.5,"ocean_post_title_bg_overlay_color":"","ocean_disable_breadcrumbs":"default","ocean_breadcrumbs_color":"","ocean_breadcrumbs_separator_color":"","ocean_breadcrumbs_links_color":"","ocean_breadcrumbs_links_hover_color":"","ocean_display_footer_widgets":"default","ocean_display_footer_bottom":"default","ocean_custom_footer_template":"","footnotes":""},"class_list":["post-2","page","type-page","status-publish","hentry","entry"],"yoast_head":"<!-- This site is optimized with the Yoast SEO plugin v22.8 - https:\/\/yoast.com\/wordpress\/plugins\/seo\/ -->\n<title>Mentions l\u00e9gales - M\u00e9gisserie de la Moli\u00e8re<\/title>\n<meta name=\"robots\" content=\"index, follow, max-snippet:-1, max-image-preview:large, max-video-preview:-1\" \/>\n<link rel=\"canonical\" href=\"https:\/\/www.megisserielamoliere.com\/?page_id=2\" \/>\n<meta property=\"og:locale\" content=\"fr_FR\" \/>\n<meta property=\"og:type\" content=\"article\" \/>\n<meta property=\"og:title\" content=\"Mentions l\u00e9gales - M\u00e9gisserie de la Moli\u00e8re\" \/>\n<meta property=\"og:description\" content=\"Mentions l\u00e9gales &#8211; Ce site Internet offre des informations et des publications pour la soci\u00e9t\u00e9 M\u00e9gisserie de la Moli\u00e8re.\u00a0 Directeur de la publication : M.Fran\u00e7ois ROQUESH\u00e9bergement : OVH Conception &#8211; Design &#8211; R\u00e9alisation : Margot DURAND RGPD La m\u00e9gisserie de la Moli\u00e8re s&rsquo;engage \u00e0 ce que la collecte et le traitement de vos donn\u00e9es, effectu\u00e9s [&hellip;]\" \/>\n<meta property=\"og:url\" content=\"https:\/\/www.megisserielamoliere.com\/?page_id=2\" \/>\n<meta property=\"og:site_name\" content=\"M\u00e9gisserie de la Moli\u00e8re\" \/>\n<meta property=\"article:publisher\" content=\"https:\/\/www.facebook.com\/profile.php?id=61551720216244\" \/>\n<meta property=\"article:modified_time\" content=\"2024-02-15T13:35:05+00:00\" \/>\n<meta name=\"twitter:card\" content=\"summary_large_image\" \/>\n<meta name=\"twitter:label1\" content=\"Dur\u00e9e de lecture estim\u00e9e\" \/>\n\t<meta name=\"twitter:data1\" content=\"2 minutes\" \/>\n<script type=\"application\/ld+json\" class=\"yoast-schema-graph\">{\"@context\":\"https:\/\/schema.org\",\"@graph\":[{\"@type\":\"WebPage\",\"@id\":\"https:\/\/www.megisserielamoliere.com\/?page_id=2\",\"url\":\"https:\/\/www.megisserielamoliere.com\/?page_id=2\",\"name\":\"Mentions l\u00e9gales - M\u00e9gisserie de la Moli\u00e8re\",\"isPartOf\":{\"@id\":\"https:\/\/www.megisserielamoliere.com\/#website\"},\"datePublished\":\"2023-11-29T14:49:40+00:00\",\"dateModified\":\"2024-02-15T13:35:05+00:00\",\"breadcrumb\":{\"@id\":\"https:\/\/www.megisserielamoliere.com\/?page_id=2#breadcrumb\"},\"inLanguage\":\"fr-FR\",\"potentialAction\":[{\"@type\":\"ReadAction\",\"target\":[\"https:\/\/www.megisserielamoliere.com\/?page_id=2\"]}]},{\"@type\":\"BreadcrumbList\",\"@id\":\"https:\/\/www.megisserielamoliere.com\/?page_id=2#breadcrumb\",\"itemListElement\":[{\"@type\":\"ListItem\",\"position\":1,\"name\":\"Accueil\",\"item\":\"https:\/\/www.megisserielamoliere.com\/\"},{\"@type\":\"ListItem\",\"position\":2,\"name\":\"Mentions l\u00e9gales\"}]},{\"@type\":\"WebSite\",\"@id\":\"https:\/\/www.megisserielamoliere.com\/#website\",\"url\":\"https:\/\/www.megisserielamoliere.com\/\",\"name\":\"M\u00e9gisserie de la Moli\u00e8re\",\"description\":\"Un site utilisant WordPress\",\"publisher\":{\"@id\":\"https:\/\/www.megisserielamoliere.com\/#organization\"},\"potentialAction\":[{\"@type\":\"SearchAction\",\"target\":{\"@type\":\"EntryPoint\",\"urlTemplate\":\"https:\/\/www.megisserielamoliere.com\/?s={search_term_string}\"},\"query-input\":\"required name=search_term_string\"}],\"inLanguage\":\"fr-FR\"},{\"@type\":\"Organization\",\"@id\":\"https:\/\/www.megisserielamoliere.com\/#organization\",\"name\":\"M\u00e9gisserie de la Moli\u00e8re\",\"url\":\"https:\/\/www.megisserielamoliere.com\/\",\"logo\":{\"@type\":\"ImageObject\",\"inLanguage\":\"fr-FR\",\"@id\":\"https:\/\/www.megisserielamoliere.com\/#\/schema\/logo\/image\/\",\"url\":\"https:\/\/www.megisserielamoliere.com\/wp-content\/uploads\/2024\/02\/cropped-Mariage-Banniere-E-mail-En-tete-7-2.png\",\"contentUrl\":\"https:\/\/www.megisserielamoliere.com\/wp-content\/uploads\/2024\/02\/cropped-Mariage-Banniere-E-mail-En-tete-7-2.png\",\"width\":427,\"height\":165,\"caption\":\"M\u00e9gisserie de la Moli\u00e8re\"},\"image\":{\"@id\":\"https:\/\/www.megisserielamoliere.com\/#\/schema\/logo\/image\/\"},\"sameAs\":[\"https:\/\/www.facebook.com\/profile.php?id=61551720216244\",\"https:\/\/www.instagram.com\/megisserielamoliere\/\",\"https:\/\/fr.linkedin.com\/company\/megisserie-de-la-moliere\"]}]}<\/script>\n<!-- \/ Yoast SEO plugin. -->","yoast_head_json":{"title":"Mentions l\u00e9gales - M\u00e9gisserie de la Moli\u00e8re","robots":{"index":"index","follow":"follow","max-snippet":"max-snippet:-1","max-image-preview":"max-image-preview:large","max-video-preview":"max-video-preview:-1"},"canonical":"https:\/\/www.megisserielamoliere.com\/?page_id=2","og_locale":"fr_FR","og_type":"article","og_title":"Mentions l\u00e9gales - M\u00e9gisserie de la Moli\u00e8re","og_description":"Mentions l\u00e9gales &#8211; Ce site Internet offre des informations et des publications pour la soci\u00e9t\u00e9 M\u00e9gisserie de la Moli\u00e8re.\u00a0 Directeur de la publication : M.Fran\u00e7ois ROQUESH\u00e9bergement : OVH Conception &#8211; Design &#8211; R\u00e9alisation : Margot DURAND RGPD La m\u00e9gisserie de la Moli\u00e8re s&rsquo;engage \u00e0 ce que la collecte et le traitement de vos donn\u00e9es, effectu\u00e9s [&hellip;]","og_url":"https:\/\/www.megisserielamoliere.com\/?page_id=2","og_site_name":"M\u00e9gisserie de la Moli\u00e8re","article_publisher":"https:\/\/www.facebook.com\/profile.php?id=61551720216244","article_modified_time":"2024-02-15T13:35:05+00:00","twitter_card":"summary_large_image","twitter_misc":{"Dur\u00e9e de lecture estim\u00e9e":"2 minutes"},"schema":{"@context":"https:\/\/schema.org","@graph":[{"@type":"WebPage","@id":"https:\/\/www.megisserielamoliere.com\/?page_id=2","url":"https:\/\/www.megisserielamoliere.com\/?page_id=2","name":"Mentions l\u00e9gales - M\u00e9gisserie de la Moli\u00e8re","isPartOf":{"@id":"https:\/\/www.megisserielamoliere.com\/#website"},"datePublished":"2023-11-29T14:49:40+00:00","dateModified":"2024-02-15T13:35:05+00:00","breadcrumb":{"@id":"https:\/\/www.megisserielamoliere.com\/?page_id=2#breadcrumb"},"inLanguage":"fr-FR","potentialAction":[{"@type":"ReadAction","target":["https:\/\/www.megisserielamoliere.com\/?page_id=2"]}]},{"@type":"BreadcrumbList","@id":"https:\/\/www.megisserielamoliere.com\/?page_id=2#breadcrumb","itemListElement":[{"@type":"ListItem","position":1,"name":"Accueil","item":"https:\/\/www.megisserielamoliere.com\/"},{"@type":"ListItem","position":2,"name":"Mentions l\u00e9gales"}]},{"@type":"WebSite","@id":"https:\/\/www.megisserielamoliere.com\/#website","url":"https:\/\/www.megisserielamoliere.com\/","name":"M\u00e9gisserie de la Moli\u00e8re","description":"Un site utilisant WordPress","publisher":{"@id":"https:\/\/www.megisserielamoliere.com\/#organization"},"potentialAction":[{"@type":"SearchAction","target":{"@type":"EntryPoint","urlTemplate":"https:\/\/www.megisserielamoliere.com\/?s={search_term_string}"},"query-input":"required name=search_term_string"}],"inLanguage":"fr-FR"},{"@type":"Organization","@id":"https:\/\/www.megisserielamoliere.com\/#organization","name":"M\u00e9gisserie de la Moli\u00e8re","url":"https:\/\/www.megisserielamoliere.com\/","logo":{"@type":"ImageObject","inLanguage":"fr-FR","@id":"https:\/\/www.megisserielamoliere.com\/#\/schema\/logo\/image\/","url":"https:\/\/www.megisserielamoliere.com\/wp-content\/uploads\/2024\/02\/cropped-Mariage-Banniere-E-mail-En-tete-7-2.png","contentUrl":"https:\/\/www.megisserielamoliere.com\/wp-content\/uploads\/2024\/02\/cropped-Mariage-Banniere-E-mail-En-tete-7-2.png","width":427,"height":165,"caption":"M\u00e9gisserie de la Moli\u00e8re"},"image":{"@id":"https:\/\/www.megisserielamoliere.com\/#\/schema\/logo\/image\/"},"sameAs":["https:\/\/www.facebook.com\/profile.php?id=61551720216244","https:\/\/www.instagram.com\/megisserielamoliere\/","https:\/\/fr.linkedin.com\/company\/megisserie-de-la-moliere"]}]}},"_links":{"self":[{"href":"https:\/\/www.megisserielamoliere.com\/index.php?rest_route=\/wp\/v2\/pages\/2","targetHints":{"allow":["GET"]}}],"collection":[{"href":"https:\/\/www.megisserielamoliere.com\/index.php?rest_route=\/wp\/v2\/pages"}],"about":[{"href":"https:\/\/www.megisserielamoliere.com\/index.php?rest_route=\/wp\/v2\/types\/page"}],"author":[{"embeddable":true,"href":"https:\/\/www.megisserielamoliere.com\/index.php?rest_route=\/wp\/v2\/users\/1"}],"replies":[{"embeddable":true,"href":"https:\/\/www.megisserielamoliere.com\/index.php?rest_route=%2Fwp%2Fv2%2Fcomments&post=2"}],"version-history":[{"count":4,"href":"https:\/\/www.megisserielamoliere.com\/index.php?rest_route=\/wp\/v2\/pages\/2\/revisions"}],"predecessor-version":[{"id":807,"href":"https:\/\/www.megisserielamoliere.com\/index.php?rest_route=\/wp\/v2\/pages\/2\/revisions\/807"}],"wp:attachment":[{"href":"https:\/\/www.megisserielamoliere.com\/index.php?rest_route=%2Fwp%2Fv2%2Fmedia&parent=2"}],"curies":[{"name":"wp","href":"https:\/\/api.w.org\/{rel}","templated":true}]}}